{"id":3452,"date":"2021-07-30T00:50:27","date_gmt":"2021-07-30T00:50:27","guid":{"rendered":"https:\/\/manteleriagourmet.com\/venta\/?page_id=3452"},"modified":"2022-11-28T04:57:58","modified_gmt":"2022-11-28T04:57:58","slug":"politica-de-privacidad","status":"publish","type":"page","link":"https:\/\/manteleriagourmet.com\/venta\/politica-de-privacidad\/","title":{"rendered":"Pol\u00edtica de Privacidad"},"content":{"rendered":"<div id=\"1464939184208-3761b6d5-e09b\" class=\"vc_toggle vc_toggle_text_only vc_toggle_color_default vc_toggle_size_lg vc_toggle_active\">\n<div class=\"vc_toggle_content\">\n<p>Con fundamento en los art\u00edculos 15 y 16 de la Ley Federal de Protecci\u00f3n de Datos Personales en Posesi\u00f3n de Particulares hacemos de su conocimiento que Manteler\u00eda Gourmet\u00ae, es responsable de recabar sus datos personales, del uso que se le d\u00e9 a los mismos y de su protecci\u00f3n.<\/p>\n<p>Su informaci\u00f3n personal ser\u00e1 utilizada para las siguientes finalidades:<\/p>\n<ul>\n<li>Recibir su solicitud de informaci\u00f3n.<\/li>\n<li>Brindar soporte t\u00e9cnico y en general.<\/li>\n<li>Para dar cumplimiento a las obligaciones que hemos contra\u00eddo con usted.<\/li>\n<\/ul>\n<p>Para las finalidades antes mencionadas, requerimos obtener los siguientes datos personales:<\/p>\n<ul>\n<li>Nombre completo<\/li>\n<li>Tel\u00e9fono fijo y\/o celular<\/li>\n<li>Correo electr\u00f3nico<\/li>\n<\/ul>\n<\/div>\n<\/div>\n<div id=\"1470367649702-23bf6af3-fbeb\" class=\"vc_toggle vc_toggle_text_only vc_toggle_color_default vc_toggle_size_lg vc_toggle_active\">\n<div class=\"vc_toggle_content\">\n<p>Es importante informarle que usted tiene derecho al Acceso, Rectificaci\u00f3n y Cancelaci\u00f3n de sus datos personales, a Oponerse al tratamiento de los mismos o a revocar el consentimiento que para dicho fin nos haya otorgado.<\/p>\n<p>Para ello, es necesario que env\u00ede la solicitud en los t\u00e9rminos que marca la Ley en su Art. 29 a Area VIP, responsable de nuestro Departamento de Protecci\u00f3n de Datos Personales, en ventas@manteleriagourmet.com \u00f3 comunique al tel\u00e9fono (449) 994-9058<\/p>\n<p>Importante: Cualquier modificaci\u00f3n a este Aviso de Privacidad podr\u00e1 consultarlo en&nbsp;<a href=\"http:\/\/www.monxel.com\/\">www.manteleriagourmet.com<\/a><\/p>\n<p>Fecha de \u00faltima actualizaci\u00f3n: 29\/07\/2021<\/p>\n<\/div>\n<\/div>\n","protected":false},"excerpt":{"rendered":"<p>Con fundamento en los art\u00edculos 15 y 16 de la Ley Federal de Protecci\u00f3n de Datos Personales en Posesi\u00f3n de Particulares hacemos de su conocimiento que Manteler\u00eda Gourmet\u00ae, es responsable de recabar sus datos personales, del uso que se le d\u00e9 a los mismos y de su protecci\u00f3n. Su informaci\u00f3n personal ser\u00e1 utilizada para las [&hellip;]<\/p>\n","protected":false},"author":1,"featured_media":0,"parent":0,"menu_order":0,"comment_status":"closed","ping_status":"closed","template":"","meta":{"_joinchat":[],"footnotes":""},"class_list":["post-3452","page","type-page","status-publish","hentry"],"_links":{"self":[{"href":"https:\/\/manteleriagourmet.com\/venta\/wp-json\/wp\/v2\/pages\/3452","targetHints":{"allow":["GET"]}}],"collection":[{"href":"https:\/\/manteleriagourmet.com\/venta\/wp-json\/wp\/v2\/pages"}],"about":[{"href":"https:\/\/manteleriagourmet.com\/venta\/wp-json\/wp\/v2\/types\/page"}],"author":[{"embeddable":true,"href":"https:\/\/manteleriagourmet.com\/venta\/wp-json\/wp\/v2\/users\/1"}],"replies":[{"embeddable":true,"href":"https:\/\/manteleriagourmet.com\/venta\/wp-json\/wp\/v2\/comments?post=3452"}],"version-history":[{"count":4,"href":"https:\/\/manteleriagourmet.com\/venta\/wp-json\/wp\/v2\/pages\/3452\/revisions"}],"predecessor-version":[{"id":3458,"href":"https:\/\/manteleriagourmet.com\/venta\/wp-json\/wp\/v2\/pages\/3452\/revisions\/3458"}],"wp:attachment":[{"href":"https:\/\/manteleriagourmet.com\/venta\/wp-json\/wp\/v2\/media?parent=3452"}],"curies":[{"name":"wp","href":"https:\/\/api.w.org\/{rel}","templated":true}]}}