{"id":55,"date":"2016-06-13T15:48:45","date_gmt":"2016-06-13T15:48:45","guid":{"rendered":"http:\/\/sw-themes.com\/porto_dummy\/?page_id=55"},"modified":"2024-01-17T17:43:26","modified_gmt":"2024-01-17T17:43:26","slug":"acerca-de-nosotros","status":"publish","type":"page","link":"https:\/\/manteleriagourmet.com\/venta\/acerca-de-nosotros\/","title":{"rendered":"Acerca de Nosotros"},"content":{"rendered":"<div class=\"wpb-content-wrapper\"><p>[vc_row wrap_container=&#8221;yes&#8221; css=&#8221;.vc_custom_1534896586831{padding-top: 30px !important;padding-bottom: 45px !important;}&#8221;][vc_column]<div class=\"porto-u-heading  wpb_custom_95aa9a11c17ad45cfabaf210d84ee7cc porto-u-3966\"><div class=\"porto-u-main-heading\"><h2   style=\"font-weight:700;color:#252525;font-size:19px;\">Acerca de Nosotros:<\/h2><\/div><style>.porto-u-3966.porto-u-heading{text-align:left}<\/style><\/div>[vc_row_inner][vc_column_inner offset=&#8221;vc_col-md-8&#8243;][vc_column_text]Manteler\u00eda Gourmet es una empresa 100% mexicana comprometida, innovadora y constante, especializada en la fabricaci\u00f3n y venta de manteler\u00eda gourmet y b\u00e1sica para eventos.<\/p>\n<p>Nace con el objetivo de brindar m\u00faltiples opciones para vestir de gala tus eventos con dise\u00f1os exclusivos, colores y texturas elegantes y vanguardistas.<\/p>\n<p>Contamos con m\u00e1s de 15 a\u00f1os en el mercado, siendo nuestros principales clientes: hoteles, salones de eventos, organizadores de eventos, banqueteras, alquiladoras, florer\u00edas, decoradores.<\/p>\n<p class=\"pr-lg-4\" style=\"line-height: 2;\">Somos fabricantes directos, confeccionamos medidas est\u00e1ndar o especiales con los mejores terminados, trabajamos con telas nacionales e importadas de alta calidad, elegidas una a una para garantizar su lavado y planchado constante y as\u00ed tener un tiempo de vida adecuado.<\/p>\n<p class=\"pr-lg-4\" style=\"line-height: 2;\">Nuestros principales productos son manteles, cubremanteles, caminos, servilletas, fundas para sillas.<\/p>\n<p>Creamos colecciones de temporada todos los a\u00f1os de nuestros dise\u00f1os, donde podr\u00e1s tener informaci\u00f3n actualizada de nuevas telas, colores de moda y combinaciones adecuadas para cada tipo de evento. Explotar\u00e1s al m\u00e1ximo tu creatividad imaginando y materializando tus ideas, eligiendo los productos que mas te gusten, visita nuestra secci\u00f3n de <a href=\"https:\/\/manteleriagourmet.com\/venta\/colecciones\/\">&#8220;Colecciones&#8221;<\/a> y enam\u00f3rate de nuestros productos.<\/p>\n<p class=\"pr-lg-4\" style=\"line-height: 2;\">Hacemos env\u00edos todo M\u00e9xico.<\/p>\n<p>[\/vc_column_text][\/vc_column_inner][vc_column_inner el_class=&#8221;support-block&#8221; offset=&#8221;vc_col-md-4&#8243;]<div class=\"porto-sicon-box  wpb_custom_6a12c6c1e1062b9655a462dbc8bdda7f style_1 top-icon\"><div class=\"porto-sicon-top\"><div class=\"porto-just-icon-wrapper porto-icon none\" data-appear-animation=\"fadeInUp\" style=\"color:#252525;font-size:38px;\"><i class=\"porto-icon-phone\"><\/i><\/div><\/div><div class=\"porto-sicon-header\"><h3 class=\"porto-sicon-title\" style=\"font-weight:600;font-size:14px;line-height:19px;\">(449) 994-9337<\/h3><p style=\"font-size:13px;color:#839199;\">Atenci\u00f3n a Clientes<\/p><\/div> <!-- header --><\/div><!-- porto-sicon-box --><div class=\"porto-sicon-box  wpb_custom_6a12c6c1e1062b9655a462dbc8bdda7f style_1 top-icon\"><div class=\"porto-sicon-top\"><div class=\"porto-just-icon-wrapper porto-icon none\" data-appear-animation=\"fadeInUp\" style=\"color:#252525;font-size:38px;\"><i class=\"porto-icon-mail\"><\/i><\/div><\/div><div class=\"porto-sicon-header\"><h3 class=\"porto-sicon-title\" style=\"font-weight:600;font-size:14px;line-height:19px;\">ventas@manteleriagourmet.com<\/h3><p style=\"font-size:13px;color:#839199;\">Equipo de Ventas<\/p><\/div> <!-- header --><\/div><!-- porto-sicon-box --><div class=\"porto-sicon-box  wpb_custom_6a12c6c1e1062b9655a462dbc8bdda7f style_1 top-icon\"><div class=\"porto-sicon-top\"><div class=\"porto-just-icon-wrapper porto-icon none\" data-appear-animation=\"fadeInUp\" style=\"color:#252525;font-size:38px;\"><i class=\"porto-icon-online-support\"><\/i><\/div><\/div><div class=\"porto-sicon-header\"><h3 class=\"porto-sicon-title\" style=\"font-weight:600;font-size:14px;line-height:19px;\">HORARIOS DE ATENCI\u00d3N<\/h3><p style=\"font-size:13px;color:#839199;\">lunes a Viernes 10:00 a 18:00 hrs<\/p><\/div> <!-- header --><\/div><!-- porto-sicon-box -->[\/vc_column_inner][\/vc_row_inner][\/vc_column][\/vc_row][vc_row wrap_container=&#8221;yes&#8221; css=&#8221;.vc_custom_1630684879587{padding-top: 60px !important;padding-bottom: 30px !important;background-color: #f4f4f4 !important;}&#8221; el_class=&#8221;history-section&#8221;][vc_column]<div class=\"porto-u-heading  wpb_custom_95aa9a11c17ad45cfabaf210d84ee7cc porto-u-1353\"><div class=\"porto-u-main-heading\"><h2   style=\"font-weight:700;color:#252525;font-size:19px;\">NUESTROS PRODUCTOS<\/h2><\/div><style>.porto-u-1353.porto-u-heading{text-align:left}<\/style><\/div>[vc_row_inner][vc_column_inner offset=&#8221;vc_col-md-6&#8243;]<div class=\"porto-sicon-box  wpb_custom_74c312c6382c672d88415152636ca045 style_1 left-icon\"><div class=\"porto-sicon-left\"><div id=\"porto-icon-197873496969d7842a9f55d\" class=\"porto-just-icon-wrapper porto-sicon-img\" style=\"font-size: 197px;\"><img loading=\"lazy\" decoding=\"async\" class=\"img-icon\" alt=\"\" src=\"https:\/\/manteleriagourmet.com\/venta\/wp-content\/uploads\/2021\/09\/MANTELES-_NOSOTROS.jpg\" width=\"394\" height=\"496\" \/><\/div><\/div><div class=\"porto-sicon-body\"><div class=\"porto-sicon-header\"><h3 class=\"porto-sicon-title\" style=\"font-family:Oswald; font-weight:300; font-style:normal; font-size:50px;line-height:50px;\">MANTELES<\/h3><\/div> <!-- header --><div class=\"porto-sicon-description\" style=\"font-size:14px;line-height:28px;color:#676a6d;\">Transforma tu mesa en el centro de atracci\u00f3n con algunos de nuestros grandiosos y espectaculares dise\u00f1os de manteles.&nbsp;<\/div> <!-- description --><\/div><\/div><!-- porto-sicon-box -->[\/vc_column_inner][vc_column_inner offset=&#8221;vc_col-md-6&#8243;]<div class=\"porto-sicon-box  wpb_custom_74c312c6382c672d88415152636ca045 style_1 left-icon\"><div class=\"porto-sicon-left\"><div id=\"porto-icon-210899847869d7842a9f819\" class=\"porto-just-icon-wrapper porto-sicon-img\" style=\"font-size: 197px;\"><img loading=\"lazy\" decoding=\"async\" class=\"img-icon\" alt=\"\" src=\"https:\/\/manteleriagourmet.com\/venta\/wp-content\/uploads\/2021\/09\/CUBRES_NOSOTROS.jpg\" width=\"394\" height=\"496\" \/><\/div><\/div><div class=\"porto-sicon-body\"><div class=\"porto-sicon-header\"><h3 class=\"porto-sicon-title\" style=\"font-family:Oswald; font-weight:300; font-style:normal; font-size:50px;line-height:50px;\">CUBRES<\/h3><\/div> <!-- header --><div class=\"porto-sicon-description\" style=\"font-size:14px;line-height:28px;color:#676a6d;\">Crear una sin fin de montajes, atrevi\u00e9ndote a combinar colores y texturas con nuestra gran variedad de modelos exclusivos.<\/div> <!-- description --><\/div><\/div><!-- porto-sicon-box -->[\/vc_column_inner][vc_column_inner offset=&#8221;vc_col-md-6&#8243;]<div class=\"porto-sicon-box  wpb_custom_74c312c6382c672d88415152636ca045 style_1 left-icon\"><div class=\"porto-sicon-left\"><div id=\"porto-icon-90251633569d7842a9fae9\" class=\"porto-just-icon-wrapper porto-sicon-img\" style=\"font-size: 197px;\"><img loading=\"lazy\" decoding=\"async\" class=\"img-icon\" alt=\"\" src=\"https:\/\/manteleriagourmet.com\/venta\/wp-content\/uploads\/2021\/09\/CAMINOS2_NOSOTROS.jpg\" width=\"394\" height=\"496\" \/><\/div><\/div><div class=\"porto-sicon-body\"><div class=\"porto-sicon-header\"><h3 class=\"porto-sicon-title\" style=\"font-family:Oswald; font-weight:300; font-style:normal; font-size:50px;line-height:50px;\">CAMINOS<\/h3><\/div> <!-- header --><div class=\"porto-sicon-description\" style=\"font-size:14px;line-height:28px;color:#676a6d;\">Resalta el centro de tu mesa con alguno de nuestros modelos y colores sofisticados, generando contrastes atractivos y especiales.<\/div> <!-- description --><\/div><\/div><!-- porto-sicon-box -->[\/vc_column_inner][vc_column_inner offset=&#8221;vc_col-md-6&#8243;]<div class=\"porto-sicon-box  wpb_custom_74c312c6382c672d88415152636ca045 style_1 left-icon\"><div class=\"porto-sicon-left\"><div id=\"porto-icon-8782123269d7842a9fd28\" class=\"porto-just-icon-wrapper porto-sicon-img\" style=\"font-size: 197px;\"><img loading=\"lazy\" decoding=\"async\" class=\"img-icon\" alt=\"\" src=\"https:\/\/manteleriagourmet.com\/venta\/wp-content\/uploads\/2021\/09\/SERVILLETAS_NOSOTROS.jpg\" width=\"394\" height=\"496\" \/><\/div><\/div><div class=\"porto-sicon-body\"><div class=\"porto-sicon-header\"><h3 class=\"porto-sicon-title\" style=\"font-family:Oswald; font-weight:300; font-style:normal; font-size:40px;line-height:50px;\">SERVILLETAS<\/h3><\/div> <!-- header --><div class=\"porto-sicon-description\" style=\"font-size:14px;line-height:28px;color:#676a6d;\">Da ese toque especial e inolvidable en tus montajes, con nuestros maravillosos dise\u00f1os de servilletas.<\/div> <!-- description --><\/div><\/div><!-- porto-sicon-box -->[\/vc_column_inner][\/vc_row_inner][vc_row_inner][vc_column_inner width=&#8221;1\/2&#8243; offset=&#8221;vc_col-md-6&#8243;]<div class=\"porto-sicon-box  wpb_custom_74c312c6382c672d88415152636ca045 style_1 left-icon\"><div class=\"porto-sicon-left\"><div id=\"porto-icon-158758032869d7842a9ffe6\" class=\"porto-just-icon-wrapper porto-sicon-img\" style=\"font-size: 197px;\"><img loading=\"lazy\" decoding=\"async\" class=\"img-icon\" alt=\"\" src=\"https:\/\/manteleriagourmet.com\/venta\/wp-content\/uploads\/2021\/09\/FUNDAS_4_NOSOTROS.jpg\" width=\"394\" height=\"496\" \/><\/div><\/div><div class=\"porto-sicon-body\"><div class=\"porto-sicon-header\"><h3 class=\"porto-sicon-title\" style=\"font-family:Oswald; font-weight:300; font-style:normal; font-size:50px;line-height:50px;\">FUNDAS<\/h3><\/div> <!-- header --><div class=\"porto-sicon-description\" style=\"font-size:14px;line-height:28px;color:#676a6d;\">Logra un ambiente c\u00e1lido y rom\u00e1ntico, vistiendo tus sillas con estilo, con alguno de nuestros encantadores modelos.&nbsp;<\/div> <!-- description --><\/div><\/div><!-- porto-sicon-box -->[\/vc_column_inner][vc_column_inner width=&#8221;1\/2&#8243;]<div class=\"porto-sicon-box  wpb_custom_74c312c6382c672d88415152636ca045 style_1 left-icon\"><div class=\"porto-sicon-left\"><div id=\"porto-icon-157833678869d7842aa0297\" class=\"porto-just-icon-wrapper porto-sicon-img\" style=\"font-size: 197px;\"><img loading=\"lazy\" decoding=\"async\" class=\"img-icon\" alt=\"\" src=\"https:\/\/manteleriagourmet.com\/venta\/wp-content\/uploads\/2021\/09\/BASICOS_7_NOSOTROS.jpg\" width=\"394\" height=\"496\" \/><\/div><\/div><div class=\"porto-sicon-body\"><div class=\"porto-sicon-header\"><h3 class=\"porto-sicon-title\" style=\"font-family:Oswald; font-weight:300; font-style:normal; font-size:50px;line-height:50px;\">B\u00c1SICOS<\/h3><\/div> <!-- header --><div class=\"porto-sicon-description\" style=\"font-size:14px;line-height:28px;color:#676a6d;\">No podr\u00e1 faltar en tu colecci\u00f3n un b\u00e1sico, sin duda indispensable para cualquier tipo de evento.<\/div> <!-- description --><\/div><\/div><!-- porto-sicon-box -->[\/vc_column_inner][\/vc_row_inner][\/vc_column][\/vc_row][vc_row][vc_column][vc_empty_space][\/vc_column][\/vc_row]<\/p>\n<\/div>","protected":false},"excerpt":{"rendered":"<p>[vc_row wrap_container=&#8221;yes&#8221; css=&#8221;.vc_custom_1534896586831{padding-top: 30px !important;padding-bottom: 45px !important;}&#8221;][vc_column][vc_row_inner][vc_column_inner offset=&#8221;vc_col-md-8&#8243;][vc_column_text]Manteler\u00eda Gourmet es una empresa 100% mexicana comprometida, innovadora y constante, especializada en la fabricaci\u00f3n y venta de manteler\u00eda gourmet y b\u00e1sica para eventos. Nace con el objetivo de brindar m\u00faltiples opciones para vestir de gala tus eventos con dise\u00f1os exclusivos, colores y texturas elegantes y vanguardistas. Contamos [&hellip;]<\/p>\n","protected":false},"author":1,"featured_media":0,"parent":0,"menu_order":0,"comment_status":"closed","ping_status":"closed","template":"","meta":{"_joinchat":[],"footnotes":""},"class_list":["post-55","page","type-page","status-publish","hentry"],"_links":{"self":[{"href":"https:\/\/manteleriagourmet.com\/venta\/wp-json\/wp\/v2\/pages\/55","targetHints":{"allow":["GET"]}}],"collection":[{"href":"https:\/\/manteleriagourmet.com\/venta\/wp-json\/wp\/v2\/pages"}],"about":[{"href":"https:\/\/manteleriagourmet.com\/venta\/wp-json\/wp\/v2\/types\/page"}],"author":[{"embeddable":true,"href":"https:\/\/manteleriagourmet.com\/venta\/wp-json\/wp\/v2\/users\/1"}],"replies":[{"embeddable":true,"href":"https:\/\/manteleriagourmet.com\/venta\/wp-json\/wp\/v2\/comments?post=55"}],"version-history":[{"count":83,"href":"https:\/\/manteleriagourmet.com\/venta\/wp-json\/wp\/v2\/pages\/55\/revisions"}],"predecessor-version":[{"id":59668,"href":"https:\/\/manteleriagourmet.com\/venta\/wp-json\/wp\/v2\/pages\/55\/revisions\/59668"}],"wp:attachment":[{"href":"https:\/\/manteleriagourmet.com\/venta\/wp-json\/wp\/v2\/media?parent=55"}],"curies":[{"name":"wp","href":"https:\/\/api.w.org\/{rel}","templated":true}]}}