{"id":12296,"date":"2021-10-09T13:00:41","date_gmt":"2021-10-09T13:00:41","guid":{"rendered":"https:\/\/manteleriagourmet.com\/venta\/?post_type=product&#038;p=12296"},"modified":"2023-08-07T16:59:39","modified_gmt":"2023-08-07T16:59:39","slug":"cubre-m133-chi-palo-de-rosa","status":"publish","type":"product","link":"https:\/\/manteleriagourmet.com\/venta\/producto\/cubre-m133-chi-palo-de-rosa\/","title":{"rendered":"Cubre M133-CHI Palo de Rosa"},"content":{"rendered":"<p>\u2022 Tela Chif\u00f3n, esta tela tiene una excelente ca\u00edda y una transparencia ligera, la cual dar\u00e1 una apariencia tierna y rom\u00e1ntica.<\/p>\n<p>\u2022 El precio se basa en la cantidad y tama\u00f1o requerido, comun\u00edquese con nosotros para obtener el mejor precio Tel. 449 9949337<\/p>\n<p>\u2022 Fabricamos medidas est\u00e1ndar o especiales, si requiere una medida especial por favor p\u00f3ngase en contacto con nosotros.<\/p>\n<p>\u2022 Nuestras costuras en uniones son con remallado de 5 hilos y en ocasiones con costura de carga, el terminado en las orillas es remallado y con bastilla de 1-2 cm. Para telas de doble vista se aplica una costura especial.<\/p>\n<p>\u2022 El tiempo de producci\u00f3n por lo general es de 15-20 d\u00edas h\u00e1biles, puede variar con pedidos grandes o que requieran mas elaboraci\u00f3n.<\/p>\n<p>\u2022 Visita nuestra Tienda Online para ventas al menudeo y entregas inmediatas&nbsp;<a href=\"https:\/\/manteleriagourmet.com\/venta\/tienda\/\">Manteler\u00eda Gourmet\u00ae \u2013 Tienda Online \u00a1Vestimos de Gala tu Evento!<\/a><\/p>\n<p>\u2022 Enviamos a todo M\u00e9xico\u2026 Pregunte por nuestros env\u00edos \u00a1Gratis!<\/p>\n<p>\u2022&nbsp;<strong>Las im\u00e1genes mostradas en est\u00e1 p\u00e1gina pueden tener alg\u00fan cambio con el producto f\u00edsico, debido a los diferentes dispositivos en que se vean, as\u00ed como a los nuevos lotes de llegada de cada producto.<\/strong><\/p>\n<p><strong>\u2022 Los precios y disponibilidad mostrados en est\u00e1 p\u00e1gina son sujetos a cambios sin previo aviso.<\/strong><\/p>\n","protected":false},"excerpt":{"rendered":"<h6>Especificaciones:<br \/>\n\u25ba100% Poli\u00e9ster<br \/>\n\u25baAncho de tela: 58&#8243;<br \/>\n\u25baDisponible en 70 colores<br \/>\n\u25baCategor\u00eda: S\u00f3lidos<br \/>\n\u25baM\u00ednimo de compra: 10pz<\/h6>\n","protected":false},"featured_media":11738,"comment_status":"open","ping_status":"closed","template":"","meta":{"_joinchat":[]},"product_brand":[],"product_cat":[522,164,100],"product_tag":[523,514],"class_list":{"0":"post-12296","1":"product","2":"type-product","3":"status-publish","4":"has-post-thumbnail","6":"product_cat-m133-chi","7":"product_cat-solidos","8":"product_cat-cubres","9":"product_tag-chifon","10":"product_tag-liso","12":"first","13":"instock","14":"featured","15":"shipping-taxable","16":"purchasable","17":"product-type-variable"},"_links":{"self":[{"href":"https:\/\/manteleriagourmet.com\/venta\/wp-json\/wp\/v2\/product\/12296","targetHints":{"allow":["GET"]}}],"collection":[{"href":"https:\/\/manteleriagourmet.com\/venta\/wp-json\/wp\/v2\/product"}],"about":[{"href":"https:\/\/manteleriagourmet.com\/venta\/wp-json\/wp\/v2\/types\/product"}],"replies":[{"embeddable":true,"href":"https:\/\/manteleriagourmet.com\/venta\/wp-json\/wp\/v2\/comments?post=12296"}],"wp:featuredmedia":[{"embeddable":true,"href":"https:\/\/manteleriagourmet.com\/venta\/wp-json\/wp\/v2\/media\/11738"}],"wp:attachment":[{"href":"https:\/\/manteleriagourmet.com\/venta\/wp-json\/wp\/v2\/media?parent=12296"}],"wp:term":[{"taxonomy":"product_brand","embeddable":true,"href":"https:\/\/manteleriagourmet.com\/venta\/wp-json\/wp\/v2\/product_brand?post=12296"},{"taxonomy":"product_cat","embeddable":true,"href":"https:\/\/manteleriagourmet.com\/venta\/wp-json\/wp\/v2\/product_cat?post=12296"},{"taxonomy":"product_tag","embeddable":true,"href":"https:\/\/manteleriagourmet.com\/venta\/wp-json\/wp\/v2\/product_tag?post=12296"}],"curies":[{"name":"wp","href":"https:\/\/api.w.org\/{rel}","templated":true}]}}