{"id":81760,"date":"2025-06-09T12:02:16","date_gmt":"2025-06-09T18:02:16","guid":{"rendered":"https:\/\/manteleriagourmet.com\/venta\/?post_type=product&#038;p=81760"},"modified":"2025-06-09T12:33:51","modified_gmt":"2025-06-09T18:33:51","slug":"mantel-m326-oco-coppen","status":"publish","type":"product","link":"https:\/\/manteleriagourmet.com\/venta\/producto\/mantel-m326-oco-coppen\/","title":{"rendered":"Mantel M326-OCO Coppen"},"content":{"rendered":"<p>\u2022 Tela poli\u00e9ster con estampado estilo marroqu\u00ed.<\/p>\n<p>\u2022 El precio se basa en la cantidad y tama\u00f1o requerido, comun\u00edquese con nosotros para obtener el mejor precio Tel. 449 9949337<\/p>\n<p>\u2022 Fabricamos medidas est\u00e1ndar o especiales, si requiere una medida especial por favor p\u00f3ngase en contacto con nosotros.<\/p>\n<p>\u2022 Nuestras costuras en uniones son con remallado de 5 hilos y en ocasiones con costura de carga, el terminado en las orillas es remallado y con bastilla de 1-2 cm. Para telas de doble vista se aplica una costura especial.<\/p>\n<p>\u2022 El tiempo de producci\u00f3n por lo general es de 15-20 d\u00edas h\u00e1biles, puede variar con pedidos grandes o que requieran mas elaboraci\u00f3n.<\/p>\n<p>\u2022 Visita nuestra Tienda Online para ventas al menudeo y entregas inmediatas\u00a0<a href=\"https:\/\/manteleriagourmet.com\/venta\/tienda\/\">Manteler\u00eda Gourmet\u00ae \u2013 \u00a1Vestimos de Gala tu Evento! (manteleriagourmet.com)<\/a><\/p>\n<p>\u2022 Enviamos a todo M\u00e9xico\u2026 Pregunte por nuestros env\u00edos \u00a1Gratis!<\/p>\n<p>\u2022\u00a0<strong>Las im\u00e1genes mostradas en est\u00e1 p\u00e1gina pueden tener alg\u00fan cambio con el producto f\u00edsico, debido a los diferentes dispositivos en que se vean, as\u00ed como a los nuevos lotes de llegada de cada producto.<\/strong><\/p>\n<p><strong>\u2022 Los precios y disponibilidad mostrados en est\u00e1 p\u00e1gina son sujetos a cambios sin previo aviso<\/strong><\/p>\n","protected":false},"excerpt":{"rendered":"<h6>Especificaciones:<br \/>\n\u25ba100% Poli\u00e9ster<br \/>\n\u25baAncho de tela: 58\u2033<br \/>\n\u25baDisponible en 1 color<br \/>\n\u25baCategor\u00eda: Estampados<br \/>\n\u25baM\u00ednimo de compra: 5pz<\/h6>\n<h6><a href=\"https:\/\/manteleriagourmet.com\/venta\/producto\/mantel-m180-toi-azul\/\"><img loading=\"lazy\" decoding=\"async\" class=\"alignnone wp-image-32996\" src=\"https:\/\/manteleriagourmet.com\/venta\/wp-content\/uploads\/2022\/04\/1.Mantel-300x300.jpg\" alt=\"\" width=\"41\" height=\"41\" \/><\/a>\u00a0 \u00a0 \u00a0<a href=\"https:\/\/manteleriagourmet.com\/venta\/producto\/mantel-m180-toi-azul\/\"><img loading=\"lazy\" decoding=\"async\" class=\"alignnone wp-image-32997\" src=\"https:\/\/manteleriagourmet.com\/venta\/wp-content\/uploads\/2022\/04\/2.Cubre_-300x300.jpg\" alt=\"\" width=\"42\" height=\"41\" \/><\/a> \u00a0 \u00a0 <a href=\"https:\/\/manteleriagourmet.com\/venta\/producto\/mantel-m180-toi-azul\/\"><img loading=\"lazy\" decoding=\"async\" class=\"alignnone wp-image-32998\" src=\"https:\/\/manteleriagourmet.com\/venta\/wp-content\/uploads\/2022\/04\/3.Camino-300x300.jpg\" alt=\"\" width=\"41\" height=\"41\" \/><\/a> \u00a0<a href=\"https:\/\/manteleriagourmet.com\/venta\/producto\/mantel-m180-toi-azul\/\"><img loading=\"lazy\" decoding=\"async\" class=\"alignnone wp-image-32999\" src=\"https:\/\/manteleriagourmet.com\/venta\/wp-content\/uploads\/2022\/04\/4.Servilleta-300x300.jpg\" alt=\"\" width=\"46\" height=\"47\" \/><\/a><a href=\"https:\/\/manteleriagourmet.com\/venta\/producto\/mantel-m180-toi-azul\/\"><img loading=\"lazy\" decoding=\"async\" class=\"alignnone wp-image-33000\" src=\"https:\/\/manteleriagourmet.com\/venta\/wp-content\/uploads\/2022\/04\/5.Funda_-300x300.jpg\" alt=\"\" width=\"42\" height=\"42\" \/><\/a><\/h6>\n","protected":false},"featured_media":81782,"comment_status":"open","ping_status":"closed","template":"","meta":{"_joinchat":[]},"product_brand":[],"product_cat":[3349,175,99],"product_tag":[116,1352,3350,3117],"class_list":{"0":"post-81760","1":"product","2":"type-product","3":"status-publish","4":"has-post-thumbnail","6":"product_cat-m326-oco","7":"product_cat-estampados","8":"product_cat-manteles","9":"product_tag-estampados","10":"product_tag-grecas","11":"product_tag-marroqui","12":"product_tag-talavera","14":"first","15":"instock","16":"featured","17":"shipping-taxable","18":"purchasable","19":"product-type-variable"},"_links":{"self":[{"href":"https:\/\/manteleriagourmet.com\/venta\/wp-json\/wp\/v2\/product\/81760","targetHints":{"allow":["GET"]}}],"collection":[{"href":"https:\/\/manteleriagourmet.com\/venta\/wp-json\/wp\/v2\/product"}],"about":[{"href":"https:\/\/manteleriagourmet.com\/venta\/wp-json\/wp\/v2\/types\/product"}],"replies":[{"embeddable":true,"href":"https:\/\/manteleriagourmet.com\/venta\/wp-json\/wp\/v2\/comments?post=81760"}],"wp:featuredmedia":[{"embeddable":true,"href":"https:\/\/manteleriagourmet.com\/venta\/wp-json\/wp\/v2\/media\/81782"}],"wp:attachment":[{"href":"https:\/\/manteleriagourmet.com\/venta\/wp-json\/wp\/v2\/media?parent=81760"}],"wp:term":[{"taxonomy":"product_brand","embeddable":true,"href":"https:\/\/manteleriagourmet.com\/venta\/wp-json\/wp\/v2\/product_brand?post=81760"},{"taxonomy":"product_cat","embeddable":true,"href":"https:\/\/manteleriagourmet.com\/venta\/wp-json\/wp\/v2\/product_cat?post=81760"},{"taxonomy":"product_tag","embeddable":true,"href":"https:\/\/manteleriagourmet.com\/venta\/wp-json\/wp\/v2\/product_tag?post=81760"}],"curies":[{"name":"wp","href":"https:\/\/api.w.org\/{rel}","templated":true}]}}