{"id":87999,"date":"2026-03-23T13:47:56","date_gmt":"2026-03-23T19:47:56","guid":{"rendered":"https:\/\/manteleriagourmet.com\/venta\/?post_type=product&#038;p=87999"},"modified":"2026-03-23T13:51:18","modified_gmt":"2026-03-23T19:51:18","slug":"servilleta-m163-bri-rosa-baby","status":"publish","type":"product","link":"https:\/\/manteleriagourmet.com\/venta\/producto\/servilleta-m163-bri-rosa-baby\/","title":{"rendered":"Servilleta M163-BRI Rosa Baby"},"content":{"rendered":"<p>\u2022 Tela razo sat\u00edn de alta calidad, bordado con hilos met\u00e1licos.<\/p>\n<p>\u2022 El precio se basa en la cantidad y tama\u00f1o requerido, comun\u00edquese con nosotros para obtener el mejor precio Tel. 449 9949337<\/p>\n<p>\u2022 Fabricamos medidas est\u00e1ndar o especiales, si requiere una medida especial por favor p\u00f3ngase en contacto con nosotros.<\/p>\n<p>\u2022 Nuestras costuras en uniones son con remallado de 5 hilos y en ocasiones con costura de carga, el terminado en las orillas es remallado y con bastilla de 1-2 cm. Para telas de doble vista se aplica una costura especial.<\/p>\n<p>\u2022 El tiempo de producci\u00f3n por lo general es de 15-20 d\u00edas h\u00e1biles, puede variar con pedidos grandes o que requieran mas elaboraci\u00f3n.<\/p>\n<p>\u2022 Visita nuestra Tienda Online para ventas al menudeo y entregas inmediatas <a href=\"https:\/\/manteleriagourmet.com\/venta\/tienda\/\">Manteler\u00eda Gourmet\u00ae \u2013 \u00a1Vestimos de Gala tu Evento! (manteleriagourmet.com)<\/a><\/p>\n<p>\u2022 Enviamos a todo M\u00e9xico&#8230; Pregunte por nuestros env\u00edos \u00a1Gratis!<\/p>\n<p>\u2022 <strong>Las im\u00e1genes mostradas en est\u00e1 p\u00e1gina pueden tener alg\u00fan cambio con el producto f\u00edsico, debido a los diferentes dispositivos en que se vean, as\u00ed como a los nuevos lotes de llegada de cada producto.<\/strong><\/p>\n<p><strong>\u2022 Los precios y disponibilidad mostrados en est\u00e1 p\u00e1gina son sujetos a cambios sin previo aviso.<\/strong><\/p>\n","protected":false},"excerpt":{"rendered":"<h6>Especificaciones:<br \/>\n\u25ba100% Poli\u00e9ster<br \/>\n\u25baAncho de tela: 58&#8243;<br \/>\n\u25baDisponible en 15 colores<br \/>\n\u25baCategor\u00eda: Met\u00e1licos<br \/>\n\u25baM\u00ednimo de compra: 50pz<\/h6>\n","protected":false},"featured_media":87885,"comment_status":"open","ping_status":"closed","template":"","meta":{"_joinchat":[]},"product_brand":[],"product_cat":[1348,166,102,3650],"product_tag":[245,421],"class_list":{"0":"post-87999","1":"product","2":"type-product","3":"status-publish","4":"has-post-thumbnail","6":"product_cat-m163-bri","7":"product_cat-solidos-metalicos","8":"product_cat-servilletas","9":"product_cat-metalicos","10":"product_tag-metalico","11":"product_tag-satin","13":"first","14":"instock","15":"featured","16":"shipping-taxable","17":"purchasable","18":"product-type-variable"},"_links":{"self":[{"href":"https:\/\/manteleriagourmet.com\/venta\/wp-json\/wp\/v2\/product\/87999","targetHints":{"allow":["GET"]}}],"collection":[{"href":"https:\/\/manteleriagourmet.com\/venta\/wp-json\/wp\/v2\/product"}],"about":[{"href":"https:\/\/manteleriagourmet.com\/venta\/wp-json\/wp\/v2\/types\/product"}],"replies":[{"embeddable":true,"href":"https:\/\/manteleriagourmet.com\/venta\/wp-json\/wp\/v2\/comments?post=87999"}],"wp:featuredmedia":[{"embeddable":true,"href":"https:\/\/manteleriagourmet.com\/venta\/wp-json\/wp\/v2\/media\/87885"}],"wp:attachment":[{"href":"https:\/\/manteleriagourmet.com\/venta\/wp-json\/wp\/v2\/media?parent=87999"}],"wp:term":[{"taxonomy":"product_brand","embeddable":true,"href":"https:\/\/manteleriagourmet.com\/venta\/wp-json\/wp\/v2\/product_brand?post=87999"},{"taxonomy":"product_cat","embeddable":true,"href":"https:\/\/manteleriagourmet.com\/venta\/wp-json\/wp\/v2\/product_cat?post=87999"},{"taxonomy":"product_tag","embeddable":true,"href":"https:\/\/manteleriagourmet.com\/venta\/wp-json\/wp\/v2\/product_tag?post=87999"}],"curies":[{"name":"wp","href":"https:\/\/api.w.org\/{rel}","templated":true}]}}