{"id":9274,"date":"2021-10-04T22:24:50","date_gmt":"2021-10-04T22:24:50","guid":{"rendered":"https:\/\/manteleriagourmet.com\/venta\/?post_type=product&#038;p=9274"},"modified":"2026-03-06T11:59:10","modified_gmt":"2026-03-06T17:59:10","slug":"cubre-m23-lin-sepia","status":"publish","type":"product","link":"https:\/\/manteleriagourmet.com\/venta\/producto\/cubre-m23-lin-sepia\/","title":{"rendered":"Cubre M23-LIN Sepia"},"content":{"rendered":"<p>\u2022 Una tela con aspecto de imitaci\u00f3n lino, 100% poli\u00e9ster, muy lavable y f\u00e1cil planchado.<\/p>\n<p>\u2022 El precio se basa en la cantidad y tama\u00f1o requerido, comun\u00edquese con nosotros para obtener el mejor precio Tel. 449 9949337<\/p>\n<p>\u2022 Fabricamos medidas est\u00e1ndar o especiales, si requiere una medida especial por favor p\u00f3ngase en contacto con nosotros.<\/p>\n<p>\u2022 Nuestras costuras en uniones son con remallado de 5 hilos y en ocasiones con costura de carga, el terminado en las orillas es remallado y con bastilla de 1-2 cm. Para telas de doble vista se aplica una costura especial.<\/p>\n<p>\u2022 El tiempo de producci\u00f3n por lo general es de 15-20 d\u00edas h\u00e1biles, puede variar con pedidos grandes o que requieran mas elaboraci\u00f3n.<\/p>\n<p>\u2022 Visita nuestra Tienda Online para ventas al menudeo y entregas inmediatas\u00a0<a href=\"https:\/\/manteleriagourmet.com\/venta\/tienda\/\">Manteler\u00eda Gourmet\u00ae \u2013 \u00a1Vestimos de Gala tu Evento! (manteleriagourmet.com)<\/a><\/p>\n<p>\u2022 Enviamos a todo M\u00e9xico\u2026 Pregunte por nuestros env\u00edos \u00a1Gratis!<\/p>\n<p>\u2022\u00a0<strong>Las im\u00e1genes mostradas en est\u00e1 p\u00e1gina pueden tener alg\u00fan cambio con el producto f\u00edsico, debido a los diferentes dispositivos en que se vean, as\u00ed como a los nuevos lotes de llegada de cada producto.<\/strong><\/p>\n<p><strong>\u2022 Los precios y disponibilidad mostrados en est\u00e1 p\u00e1gina son sujetos a cambios sin previo aviso<\/strong><\/p>\n","protected":false},"excerpt":{"rendered":"<h6>Especificaciones:<br \/>\n\u25ba100% Poli\u00e9ster<br \/>\n\u25baAncho de tela: 58&#8243;<br \/>\n\u25baDisponible en 40 colores<br \/>\n\u25baCategor\u00eda: Lino\/Yute<br \/>\n\u25baM\u00ednimo de compra: 10pz<\/h6>\n","protected":false},"featured_media":85959,"comment_status":"open","ping_status":"closed","template":"","meta":{"_joinchat":[]},"product_brand":[],"product_cat":[229,168,100,3681],"product_tag":[2357,191,193,192],"class_list":{"0":"post-9274","1":"product","2":"type-product","3":"status-publish","4":"has-post-thumbnail","6":"product_cat-m23-lin","7":"product_cat-lino-yute","8":"product_cat-cubres","9":"product_cat-lino-yute-cubres","10":"product_tag-burlap","11":"product_tag-lino","12":"product_tag-vintage","13":"product_tag-yute","15":"first","16":"instock","17":"featured","18":"shipping-taxable","19":"purchasable","20":"product-type-variable"},"_links":{"self":[{"href":"https:\/\/manteleriagourmet.com\/venta\/wp-json\/wp\/v2\/product\/9274","targetHints":{"allow":["GET"]}}],"collection":[{"href":"https:\/\/manteleriagourmet.com\/venta\/wp-json\/wp\/v2\/product"}],"about":[{"href":"https:\/\/manteleriagourmet.com\/venta\/wp-json\/wp\/v2\/types\/product"}],"replies":[{"embeddable":true,"href":"https:\/\/manteleriagourmet.com\/venta\/wp-json\/wp\/v2\/comments?post=9274"}],"wp:featuredmedia":[{"embeddable":true,"href":"https:\/\/manteleriagourmet.com\/venta\/wp-json\/wp\/v2\/media\/85959"}],"wp:attachment":[{"href":"https:\/\/manteleriagourmet.com\/venta\/wp-json\/wp\/v2\/media?parent=9274"}],"wp:term":[{"taxonomy":"product_brand","embeddable":true,"href":"https:\/\/manteleriagourmet.com\/venta\/wp-json\/wp\/v2\/product_brand?post=9274"},{"taxonomy":"product_cat","embeddable":true,"href":"https:\/\/manteleriagourmet.com\/venta\/wp-json\/wp\/v2\/product_cat?post=9274"},{"taxonomy":"product_tag","embeddable":true,"href":"https:\/\/manteleriagourmet.com\/venta\/wp-json\/wp\/v2\/product_tag?post=9274"}],"curies":[{"name":"wp","href":"https:\/\/api.w.org\/{rel}","templated":true}]}}